{"id":69,"date":"2023-10-11T12:08:25","date_gmt":"2023-10-11T10:08:25","guid":{"rendered":"https:\/\/lefouduvoyage.fr\/blog\/?page_id=69"},"modified":"2026-04-01T19:58:42","modified_gmt":"2026-04-01T17:58:42","slug":"lequipe","status":"publish","type":"page","link":"https:\/\/lefouduvoyage.fr\/blog\/lequipe\/","title":{"rendered":"L&rsquo;\u00e9quipe &#038; \u00c9dito"},"content":{"rendered":"<p><span style=\"font-weight: 400;\">Le Fou du Voyage, c&rsquo;est l&rsquo;aventure sans limites et sans se ruiner. Nous partageons des bons plans voyage par pays, des check-lists pratiques pour partir sans rien oublier, et des astuces pour voyager malin en Espagne, au Portugal et dans les destinations les plus accessibles. Pour les voyageurs passionn\u00e9s qui veulent partir souvent et bien. <\/span><span style=\"font-weight: 400;\">Notre \u00e9quipe r\u00e9unit un voyageur compulsif passionn\u00e9 de bons plans, et une r\u00e9dactrice sp\u00e9cialis\u00e9e en organisation de voyage et destinations europ\u00e9ennes \u00e9conomiques.<\/span><\/p>\n","protected":false},"excerpt":{"rendered":"","protected":false},"author":34,"featured_media":0,"parent":0,"menu_order":0,"comment_status":"closed","ping_status":"closed","template":"","meta":{"_acf_changed":false,"manual_indexmenow":false,"indexmenow_id_project":0,"footnotes":""},"class_list":["post-69","page","type-page","status-publish"],"acf":[],"yoast_head":"<!-- This site is optimized with the Yoast SEO Premium plugin v21.3 (Yoast SEO v26.5) - https:\/\/yoast.com\/wordpress\/plugins\/seo\/ -->\n<title>L&#039;\u00e9quipe &amp; \u00c9dito<\/title>\n<meta name=\"description\" content=\"Le Fou du Voyage, c&#039;est l&#039;aventure sans limites et sans se ruiner. Nous partageons des bons plans voyage par pays, des check-lists pratiques pour partir\" \/>\n<meta name=\"robots\" content=\"index, follow, max-snippet:-1, max-image-preview:large, max-video-preview:-1\" \/>\n<link rel=\"canonical\" href=\"https:\/\/lefouduvoyage.fr\/blog\/lequipe\/\" \/>\n<meta property=\"og:locale\" content=\"fr_FR\" \/>\n<meta property=\"og:type\" content=\"article\" \/>\n<meta property=\"og:title\" content=\"L&#039;\u00e9quipe &amp; \u00c9dito\" \/>\n<meta property=\"og:description\" content=\"Le Fou du Voyage, c&#039;est l&#039;aventure sans limites et sans se ruiner. Nous partageons des bons plans voyage par pays, des check-lists pratiques pour partir\" \/>\n<meta property=\"og:url\" content=\"https:\/\/lefouduvoyage.fr\/blog\/lequipe\/\" \/>\n<meta property=\"og:site_name\" content=\"lefouduvoyage\" \/>\n<meta name=\"twitter:card\" content=\"summary_large_image\" \/>\n<script type=\"application\/ld+json\" class=\"yoast-schema-graph\">{\"@context\":\"https:\/\/schema.org\",\"@graph\":[{\"@type\":\"WebPage\",\"@id\":\"https:\/\/lefouduvoyage.fr\/blog\/lequipe\/\",\"url\":\"https:\/\/lefouduvoyage.fr\/blog\/lequipe\/\",\"name\":\"L'\u00e9quipe & \u00c9dito\",\"isPartOf\":{\"@id\":\"https:\/\/lefouduvoyage.fr\/blog\/#website\"},\"datePublished\":\"2023-10-11T10:08:25+00:00\",\"dateModified\":\"2026-04-01T17:58:42+00:00\",\"description\":\"Le Fou du Voyage, c'est l'aventure sans limites et sans se ruiner. Nous partageons des bons plans voyage par pays, des check-lists pratiques pour partir\",\"inLanguage\":\"fr-FR\",\"potentialAction\":[{\"@type\":\"ReadAction\",\"target\":[\"https:\/\/lefouduvoyage.fr\/blog\/lequipe\/\"]}]},{\"@type\":\"WebSite\",\"@id\":\"https:\/\/lefouduvoyage.fr\/blog\/#website\",\"url\":\"https:\/\/lefouduvoyage.fr\/blog\/\",\"name\":\"lefouduvoyage.fr\",\"description\":\"Le Fou du Voyage, l&#039;aventure sans limites\",\"publisher\":{\"@id\":\"https:\/\/lefouduvoyage.fr\/blog\/#organization\"},\"alternateName\":\"Le Fou du Voyage, l'aventure sans limites\",\"potentialAction\":[{\"@type\":\"SearchAction\",\"target\":{\"@type\":\"EntryPoint\",\"urlTemplate\":\"https:\/\/lefouduvoyage.fr\/blog\/?s={search_term_string}\"},\"query-input\":{\"@type\":\"PropertyValueSpecification\",\"valueRequired\":true,\"valueName\":\"search_term_string\"}}],\"inLanguage\":\"fr-FR\"},{\"@type\":\"Organization\",\"@id\":\"https:\/\/lefouduvoyage.fr\/blog\/#organization\",\"name\":\"Foretsensations.fr\",\"url\":\"https:\/\/lefouduvoyage.fr\/blog\/\",\"logo\":{\"@type\":\"ImageObject\",\"inLanguage\":\"fr-FR\",\"@id\":\"https:\/\/lefouduvoyage.fr\/blog\/#\/schema\/logo\/image\/\",\"url\":\"https:\/\/lefouduvoyage.fr\/blog\/wp-content\/uploads\/2024\/12\/48.png\",\"contentUrl\":\"https:\/\/lefouduvoyage.fr\/blog\/wp-content\/uploads\/2024\/12\/48.png\",\"width\":500,\"height\":500,\"caption\":\"Foretsensations.fr\"},\"image\":{\"@id\":\"https:\/\/lefouduvoyage.fr\/blog\/#\/schema\/logo\/image\/\"}}]}<\/script>\n<!-- \/ Yoast SEO Premium plugin. -->","yoast_head_json":{"title":"L'\u00e9quipe & \u00c9dito","description":"Le Fou du Voyage, c'est l'aventure sans limites et sans se ruiner. Nous partageons des bons plans voyage par pays, des check-lists pratiques pour partir","robots":{"index":"index","follow":"follow","max-snippet":"max-snippet:-1","max-image-preview":"max-image-preview:large","max-video-preview":"max-video-preview:-1"},"canonical":"https:\/\/lefouduvoyage.fr\/blog\/lequipe\/","og_locale":"fr_FR","og_type":"article","og_title":"L'\u00e9quipe & \u00c9dito","og_description":"Le Fou du Voyage, c'est l'aventure sans limites et sans se ruiner. Nous partageons des bons plans voyage par pays, des check-lists pratiques pour partir","og_url":"https:\/\/lefouduvoyage.fr\/blog\/lequipe\/","og_site_name":"lefouduvoyage","twitter_card":"summary_large_image","schema":{"@context":"https:\/\/schema.org","@graph":[{"@type":"WebPage","@id":"https:\/\/lefouduvoyage.fr\/blog\/lequipe\/","url":"https:\/\/lefouduvoyage.fr\/blog\/lequipe\/","name":"L'\u00e9quipe & \u00c9dito","isPartOf":{"@id":"https:\/\/lefouduvoyage.fr\/blog\/#website"},"datePublished":"2023-10-11T10:08:25+00:00","dateModified":"2026-04-01T17:58:42+00:00","description":"Le Fou du Voyage, c'est l'aventure sans limites et sans se ruiner. Nous partageons des bons plans voyage par pays, des check-lists pratiques pour partir","inLanguage":"fr-FR","potentialAction":[{"@type":"ReadAction","target":["https:\/\/lefouduvoyage.fr\/blog\/lequipe\/"]}]},{"@type":"WebSite","@id":"https:\/\/lefouduvoyage.fr\/blog\/#website","url":"https:\/\/lefouduvoyage.fr\/blog\/","name":"lefouduvoyage.fr","description":"Le Fou du Voyage, l&#039;aventure sans limites","publisher":{"@id":"https:\/\/lefouduvoyage.fr\/blog\/#organization"},"alternateName":"Le Fou du Voyage, l'aventure sans limites","potentialAction":[{"@type":"SearchAction","target":{"@type":"EntryPoint","urlTemplate":"https:\/\/lefouduvoyage.fr\/blog\/?s={search_term_string}"},"query-input":{"@type":"PropertyValueSpecification","valueRequired":true,"valueName":"search_term_string"}}],"inLanguage":"fr-FR"},{"@type":"Organization","@id":"https:\/\/lefouduvoyage.fr\/blog\/#organization","name":"Foretsensations.fr","url":"https:\/\/lefouduvoyage.fr\/blog\/","logo":{"@type":"ImageObject","inLanguage":"fr-FR","@id":"https:\/\/lefouduvoyage.fr\/blog\/#\/schema\/logo\/image\/","url":"https:\/\/lefouduvoyage.fr\/blog\/wp-content\/uploads\/2024\/12\/48.png","contentUrl":"https:\/\/lefouduvoyage.fr\/blog\/wp-content\/uploads\/2024\/12\/48.png","width":500,"height":500,"caption":"Foretsensations.fr"},"image":{"@id":"https:\/\/lefouduvoyage.fr\/blog\/#\/schema\/logo\/image\/"}}]}},"_links":{"self":[{"href":"https:\/\/lefouduvoyage.fr\/blog\/wp-json\/wp\/v2\/pages\/69","targetHints":{"allow":["GET"]}}],"collection":[{"href":"https:\/\/lefouduvoyage.fr\/blog\/wp-json\/wp\/v2\/pages"}],"about":[{"href":"https:\/\/lefouduvoyage.fr\/blog\/wp-json\/wp\/v2\/types\/page"}],"author":[{"embeddable":true,"href":"https:\/\/lefouduvoyage.fr\/blog\/wp-json\/wp\/v2\/users\/34"}],"replies":[{"embeddable":true,"href":"https:\/\/lefouduvoyage.fr\/blog\/wp-json\/wp\/v2\/comments?post=69"}],"version-history":[{"count":35,"href":"https:\/\/lefouduvoyage.fr\/blog\/wp-json\/wp\/v2\/pages\/69\/revisions"}],"predecessor-version":[{"id":8330,"href":"https:\/\/lefouduvoyage.fr\/blog\/wp-json\/wp\/v2\/pages\/69\/revisions\/8330"}],"wp:attachment":[{"href":"https:\/\/lefouduvoyage.fr\/blog\/wp-json\/wp\/v2\/media?parent=69"}],"curies":[{"name":"wp","href":"https:\/\/api.w.org\/{rel}","templated":true}]}}